{"id":1092,"date":"2025-03-27T17:22:13","date_gmt":"2025-03-27T16:22:13","guid":{"rendered":"https:\/\/clicnmeca.fr\/?page_id=1092"},"modified":"2025-03-28T23:19:45","modified_gmt":"2025-03-28T22:19:45","slug":"devenir-partenaire","status":"publish","type":"page","link":"https:\/\/clicnmeca.fr\/?page_id=1092","title":{"rendered":"DEVENIR PARTENAIRE"},"content":{"rendered":"\t\t<div data-elementor-type=\"wp-page\" data-elementor-id=\"1092\" class=\"elementor elementor-1092\">\n\t\t\t\t<div class=\"elementor-element elementor-element-f9513b9 e-flex e-con-boxed e-con e-parent\" data-id=\"f9513b9\" data-element_type=\"container\" data-settings=\"{&quot;background_background&quot;:&quot;classic&quot;}\">\n\t\t\t\t\t<div class=\"e-con-inner\">\n\t\t<div class=\"elementor-element elementor-element-157dcf9 e-con-full e-flex e-con e-child\" data-id=\"157dcf9\" data-element_type=\"container\">\n\t\t\t\t<div class=\"elementor-element elementor-element-78b2472 elementor-invisible elementor-widget elementor-widget-heading\" data-id=\"78b2472\" data-element_type=\"widget\" data-settings=\"{&quot;_animation&quot;:&quot;fadeInDown&quot;}\" data-widget_type=\"heading.default\">\n\t\t\t\t<div class=\"elementor-widget-container\">\n\t\t\t\t\t<h2 class=\"elementor-heading-title elementor-size-default\">DEVENIR PARTENAIRE<\/h2>\t\t\t\t<\/div>\n\t\t\t\t<\/div>\n\t\t\t\t<div class=\"elementor-element elementor-element-09d60cc elementor-invisible elementor-widget elementor-widget-text-editor\" data-id=\"09d60cc\" data-element_type=\"widget\" data-settings=\"{&quot;_animation&quot;:&quot;fadeInDown&quot;}\" data-widget_type=\"text-editor.default\">\n\t\t\t\t<div class=\"elementor-widget-container\">\n\t\t\t\t\t\t\t\t\t<p>VOUS SOUHAITEZ REJOINDRE NOTRE R\u00c9SEAU\u00a0 ?<\/p>\t\t\t\t\t\t\t\t<\/div>\n\t\t\t\t<\/div>\n\t\t\t\t<div class=\"elementor-element elementor-element-e024912 elementor-widget elementor-widget-shortcode\" data-id=\"e024912\" data-element_type=\"widget\" data-widget_type=\"shortcode.default\">\n\t\t\t\t<div class=\"elementor-widget-container\">\n\t\t\t\t\t\t\t<div class=\"elementor-shortcode\"><\/div>\n\t\t\t\t\t\t<\/div>\n\t\t\t\t<\/div>\n\t\t\t\t<\/div>\n\t\t\t\t\t<\/div>\n\t\t\t\t<\/div>\n\t\t<div class=\"elementor-element elementor-element-025ac81 e-flex e-con-boxed e-con e-parent\" data-id=\"025ac81\" data-element_type=\"container\">\n\t\t\t\t\t<div class=\"e-con-inner\">\n\t\t\t\t<div class=\"elementor-element elementor-element-da4a43d elementor-invisible elementor-widget elementor-widget-heading\" data-id=\"da4a43d\" data-element_type=\"widget\" data-settings=\"{&quot;_animation&quot;:&quot;fadeInDown&quot;}\" data-widget_type=\"heading.default\">\n\t\t\t\t<div class=\"elementor-widget-container\">\n\t\t\t\t\t<h2 class=\"elementor-heading-title elementor-size-default\">NOUS REJOINDRE<\/h2>\t\t\t\t<\/div>\n\t\t\t\t<\/div>\n\t\t\t\t<div class=\"elementor-element elementor-element-b3856a0 elementor-invisible elementor-widget elementor-widget-text-editor\" data-id=\"b3856a0\" data-element_type=\"widget\" data-settings=\"{&quot;_animation&quot;:&quot;fadeInDown&quot;}\" data-widget_type=\"text-editor.default\">\n\t\t\t\t<div class=\"elementor-widget-container\">\n\t\t\t\t\t\t\t\t\t<p>NOUS PRENDRONS CONTACT AVEC VOUS DANS LES PLUS BREFS D\u00c9LAIS<\/p>\t\t\t\t\t\t\t\t<\/div>\n\t\t\t\t<\/div>\n\t\t\t\t<div class=\"elementor-element elementor-element-a979f0d elementor-invisible elementor-widget elementor-widget-wpforms\" data-id=\"a979f0d\" data-element_type=\"widget\" data-settings=\"{&quot;_animation&quot;:&quot;fadeInLeft&quot;}\" data-widget_type=\"wpforms.default\">\n\t\t\t\t<div class=\"elementor-widget-container\">\n\t\t\t\t\t<div class=\"wpforms-container wpforms-render-modern\" id=\"wpforms-1107\"><form id=\"wpforms-form-1107\" class=\"wpforms-validate wpforms-form wpforms-ajax-form\" data-formid=\"1107\" method=\"post\" enctype=\"multipart\/form-data\" action=\"\/index.php?rest_route=%2Fwp%2Fv2%2Fpages%2F1092\" data-token=\"3272300198f8ddaa9d3b444c0b016dea\" data-token-time=\"1775327609\"><noscript class=\"wpforms-error-noscript\">Please enable JavaScript in your browser to complete this form.<\/noscript><div class=\"wpforms-hidden\" id=\"wpforms-error-noscript\">Please enable JavaScript in your browser to complete this form.<\/div><div class=\"wpforms-field-container\"><div id=\"wpforms-1107-field_0-container\" class=\"wpforms-field wpforms-field-name\" data-field-id=\"0\"><fieldset><legend class=\"wpforms-field-label\">Nom <span class=\"wpforms-required-label\" aria-hidden=\"true\">*<\/span><\/legend><div class=\"wpforms-field-row wpforms-field-large\"><div class=\"wpforms-field-row-block wpforms-first wpforms-one-half\"><input type=\"text\" id=\"wpforms-1107-field_0\" class=\"wpforms-field-name-first wpforms-field-required\" name=\"wpforms[fields][0][first]\" aria-errormessage=\"wpforms-1107-field_0-error\" required><label for=\"wpforms-1107-field_0\" class=\"wpforms-field-sublabel after\">First<\/label><\/div><div class=\"wpforms-field-row-block wpforms-one-half\"><input type=\"text\" id=\"wpforms-1107-field_0-last\" class=\"wpforms-field-name-last wpforms-field-required\" name=\"wpforms[fields][0][last]\" aria-errormessage=\"wpforms-1107-field_0-last-error\" required><label for=\"wpforms-1107-field_0-last\" class=\"wpforms-field-sublabel after\">Last<\/label><\/div><\/div><\/fieldset><\/div><div id=\"wpforms-1107-field_12-container\" class=\"wpforms-field wpforms-field-number\" data-field-id=\"12\"><label class=\"wpforms-field-label\" for=\"wpforms-1107-field_12\">T\u00e9l\u00e9phone <span class=\"wpforms-required-label\" aria-hidden=\"true\">*<\/span><\/label><input type=\"number\" id=\"wpforms-1107-field_12\" class=\"wpforms-field-medium wpforms-field-required\" name=\"wpforms[fields][12]\" step=\"any\" aria-errormessage=\"wpforms-1107-field_12-error\" required><\/div><div id=\"wpforms-1107-field_1-container\" class=\"wpforms-field wpforms-field-email\" data-field-id=\"1\"><label class=\"wpforms-field-label\" for=\"wpforms-1107-field_1\">Email <span class=\"wpforms-required-label\" aria-hidden=\"true\">*<\/span><\/label><input type=\"email\" id=\"wpforms-1107-field_1\" class=\"wpforms-field-medium wpforms-field-required\" name=\"wpforms[fields][1]\" spellcheck=\"false\" aria-errormessage=\"wpforms-1107-field_1-error\" required><\/div><div id=\"wpforms-1107-field_6-container\" class=\"wpforms-field wpforms-field-text\" data-field-id=\"6\"><label class=\"wpforms-field-label\" for=\"wpforms-1107-field_6\">Code Postal <span class=\"wpforms-required-label\" aria-hidden=\"true\">*<\/span><\/label><input type=\"text\" id=\"wpforms-1107-field_6\" class=\"wpforms-field-medium wpforms-field-required\" name=\"wpforms[fields][6]\" aria-errormessage=\"wpforms-1107-field_6-error\" required><\/div><div id=\"wpforms-1107-field_7-container\" class=\"wpforms-field wpforms-field-radio\" data-field-id=\"7\"><fieldset><legend class=\"wpforms-field-label\">\u00cates-vous dipl\u00f4m\u00e9 en tant que m\u00e9canicien ? <span class=\"wpforms-required-label\" aria-hidden=\"true\">*<\/span><\/legend><ul id=\"wpforms-1107-field_7\" class=\"wpforms-field-required\"><li class=\"choice-1 depth-1\"><input type=\"radio\" id=\"wpforms-1107-field_7_1\" name=\"wpforms[fields][7]\" value=\"Oui\" aria-errormessage=\"wpforms-1107-field_7_1-error\" required ><label class=\"wpforms-field-label-inline\" for=\"wpforms-1107-field_7_1\">Oui<\/label><\/li><li class=\"choice-2 depth-1\"><input type=\"radio\" id=\"wpforms-1107-field_7_2\" name=\"wpforms[fields][7]\" value=\"Non\" aria-errormessage=\"wpforms-1107-field_7_2-error\" required ><label class=\"wpforms-field-label-inline\" for=\"wpforms-1107-field_7_2\">Non<\/label><\/li><\/ul><\/fieldset><\/div><div id=\"wpforms-1107-field_8-container\" class=\"wpforms-field wpforms-field-text\" data-field-id=\"8\"><label class=\"wpforms-field-label\" for=\"wpforms-1107-field_8\">Combien d&#039;ann\u00e9es d&#039;exp\u00e9rience disposez-vous ? <span class=\"wpforms-required-label\" aria-hidden=\"true\">*<\/span><\/label><input type=\"text\" id=\"wpforms-1107-field_8\" class=\"wpforms-field-large wpforms-field-required\" name=\"wpforms[fields][8]\" aria-errormessage=\"wpforms-1107-field_8-error\" required><\/div><div id=\"wpforms-1107-field_2-container\" class=\"wpforms-field wpforms-field-textarea\" data-field-id=\"2\"><label class=\"wpforms-field-label\" for=\"wpforms-1107-field_2\">Message libre<\/label><textarea id=\"wpforms-1107-field_2\" class=\"wpforms-field-medium\" name=\"wpforms[fields][2]\" aria-errormessage=\"wpforms-1107-field_2-error\" ><\/textarea><\/div><\/div><!-- .wpforms-field-container --><div class=\"wpforms-submit-container\" ><input type=\"hidden\" name=\"wpforms[id]\" value=\"1107\"><input type=\"hidden\" name=\"page_title\" value=\"\"><input type=\"hidden\" name=\"page_url\" value=\"https:\/\/clicnmeca.fr\/index.php?rest_route=\/wp\/v2\/pages\/1092\"><input type=\"hidden\" name=\"url_referer\" value=\"\"><button type=\"submit\" name=\"wpforms[submit]\" id=\"wpforms-submit-1107\" class=\"wpforms-submit\" data-alt-text=\"Envoi...\" data-submit-text=\"Envoyer\" aria-live=\"assertive\" value=\"wpforms-submit\">Envoyer<\/button><img decoding=\"async\" src=\"https:\/\/clicnmeca.fr\/wp-content\/plugins\/wpforms-lite\/assets\/images\/submit-spin.svg\" class=\"wpforms-submit-spinner\" style=\"display: none;\" width=\"26\" height=\"26\" alt=\"Loading\"><\/div><\/form><\/div>  <!-- .wpforms-container -->\t\t\t\t<\/div>\n\t\t\t\t<\/div>\n\t\t\t\t\t<\/div>\n\t\t\t\t<\/div>\n\t\t\t\t<\/div>\n\t\t","protected":false},"excerpt":{"rendered":"<p>DEVENIR PARTENAIRE VOUS SOUHAITEZ REJOINDRE NOTRE R\u00c9SEAU\u00a0 ? NOUS REJOINDRE NOUS PRENDRONS CONTACT AVEC VOUS DANS LES PLUS BREFS D\u00c9LAIS Veuillez activer JavaScript dans votre navigateur pour remplir ce formulaire.Veuillez activer JavaScript dans votre navigateur pour remplir ce formulaire. Nom * Pr\u00e9nomNom T\u00e9l\u00e9phone *Email *Code Postal * \u00cates-vous dipl\u00f4m\u00e9 en tant que m\u00e9canicien ? * [&hellip;]<\/p>\n","protected":false},"author":1,"featured_media":0,"parent":0,"menu_order":0,"comment_status":"closed","ping_status":"closed","template":"","meta":{"footnotes":""},"class_list":["post-1092","page","type-page","status-publish","hentry"],"blocksy_meta":[],"yoast_head":"<!-- This site is optimized with the Yoast SEO plugin v24.7 - https:\/\/yoast.com\/wordpress\/plugins\/seo\/ -->\n<title>DEVENIR PARTENAIRE - ClicnMeca<\/title>\n<meta name=\"robots\" content=\"index, follow, max-snippet:-1, max-image-preview:large, max-video-preview:-1\" \/>\n<link rel=\"canonical\" href=\"https:\/\/clicnmeca.fr\/?page_id=1092\" \/>\n<meta property=\"og:locale\" content=\"en_US\" \/>\n<meta property=\"og:type\" content=\"article\" \/>\n<meta property=\"og:title\" content=\"DEVENIR PARTENAIRE - ClicnMeca\" \/>\n<meta property=\"og:description\" content=\"DEVENIR PARTENAIRE VOUS SOUHAITEZ REJOINDRE NOTRE R\u00c9SEAU\u00a0 ? NOUS REJOINDRE NOUS PRENDRONS CONTACT AVEC VOUS DANS LES PLUS BREFS D\u00c9LAIS Veuillez activer JavaScript dans votre navigateur pour remplir ce formulaire.Veuillez activer JavaScript dans votre navigateur pour remplir ce formulaire. Nom * Pr\u00e9nomNom T\u00e9l\u00e9phone *Email *Code Postal * \u00cates-vous dipl\u00f4m\u00e9 en tant que m\u00e9canicien ? * [&hellip;]\" \/>\n<meta property=\"og:url\" content=\"https:\/\/clicnmeca.fr\/?page_id=1092\" \/>\n<meta property=\"og:site_name\" content=\"ClicnMeca\" \/>\n<meta property=\"article:modified_time\" content=\"2025-03-28T22:19:45+00:00\" \/>\n<meta property=\"og:image\" content=\"https:\/\/clicnmeca.fr\/wp-content\/plugins\/wpforms-lite\/assets\/images\/submit-spin.svg\" \/>\n<meta name=\"twitter:card\" content=\"summary_large_image\" \/>\n<script type=\"application\/ld+json\" class=\"yoast-schema-graph\">{\"@context\":\"https:\/\/schema.org\",\"@graph\":[{\"@type\":\"WebPage\",\"@id\":\"https:\/\/clicnmeca.fr\/?page_id=1092\",\"url\":\"https:\/\/clicnmeca.fr\/?page_id=1092\",\"name\":\"DEVENIR PARTENAIRE - ClicnMeca\",\"isPartOf\":{\"@id\":\"https:\/\/clicnmeca.fr\/#website\"},\"primaryImageOfPage\":{\"@id\":\"https:\/\/clicnmeca.fr\/?page_id=1092#primaryimage\"},\"image\":{\"@id\":\"https:\/\/clicnmeca.fr\/?page_id=1092#primaryimage\"},\"thumbnailUrl\":\"https:\/\/clicnmeca.fr\/wp-content\/plugins\/wpforms-lite\/assets\/images\/submit-spin.svg\",\"datePublished\":\"2025-03-27T16:22:13+00:00\",\"dateModified\":\"2025-03-28T22:19:45+00:00\",\"breadcrumb\":{\"@id\":\"https:\/\/clicnmeca.fr\/?page_id=1092#breadcrumb\"},\"inLanguage\":\"en-US\",\"potentialAction\":[{\"@type\":\"ReadAction\",\"target\":[\"https:\/\/clicnmeca.fr\/?page_id=1092\"]}]},{\"@type\":\"ImageObject\",\"inLanguage\":\"en-US\",\"@id\":\"https:\/\/clicnmeca.fr\/?page_id=1092#primaryimage\",\"url\":\"https:\/\/clicnmeca.fr\/wp-content\/plugins\/wpforms-lite\/assets\/images\/submit-spin.svg\",\"contentUrl\":\"https:\/\/clicnmeca.fr\/wp-content\/plugins\/wpforms-lite\/assets\/images\/submit-spin.svg\"},{\"@type\":\"BreadcrumbList\",\"@id\":\"https:\/\/clicnmeca.fr\/?page_id=1092#breadcrumb\",\"itemListElement\":[{\"@type\":\"ListItem\",\"position\":1,\"name\":\"Accueil\",\"item\":\"https:\/\/clicnmeca.fr\/\"},{\"@type\":\"ListItem\",\"position\":2,\"name\":\"DEVENIR PARTENAIRE\"}]},{\"@type\":\"WebSite\",\"@id\":\"https:\/\/clicnmeca.fr\/#website\",\"url\":\"https:\/\/clicnmeca.fr\/\",\"name\":\"ClicnMeca\",\"description\":\"Ne vous d\u00e9placez plus, nous venons \u00e0 vous !\",\"publisher\":{\"@id\":\"https:\/\/clicnmeca.fr\/#organization\"},\"potentialAction\":[{\"@type\":\"SearchAction\",\"target\":{\"@type\":\"EntryPoint\",\"urlTemplate\":\"https:\/\/clicnmeca.fr\/?s={search_term_string}\"},\"query-input\":{\"@type\":\"PropertyValueSpecification\",\"valueRequired\":true,\"valueName\":\"search_term_string\"}}],\"inLanguage\":\"en-US\"},{\"@type\":\"Organization\",\"@id\":\"https:\/\/clicnmeca.fr\/#organization\",\"name\":\"ClicnMeca\",\"url\":\"https:\/\/clicnmeca.fr\/\",\"logo\":{\"@type\":\"ImageObject\",\"inLanguage\":\"en-US\",\"@id\":\"https:\/\/clicnmeca.fr\/#\/schema\/logo\/image\/\",\"url\":\"https:\/\/clicnmeca.fr\/wp-content\/uploads\/2025\/03\/clicnmeca11111-1.png\",\"contentUrl\":\"https:\/\/clicnmeca.fr\/wp-content\/uploads\/2025\/03\/clicnmeca11111-1.png\",\"width\":1310,\"height\":246,\"caption\":\"ClicnMeca\"},\"image\":{\"@id\":\"https:\/\/clicnmeca.fr\/#\/schema\/logo\/image\/\"}}]}<\/script>\n<!-- \/ Yoast SEO plugin. -->","yoast_head_json":{"title":"DEVENIR PARTENAIRE - ClicnMeca","robots":{"index":"index","follow":"follow","max-snippet":"max-snippet:-1","max-image-preview":"max-image-preview:large","max-video-preview":"max-video-preview:-1"},"canonical":"https:\/\/clicnmeca.fr\/?page_id=1092","og_locale":"en_US","og_type":"article","og_title":"DEVENIR PARTENAIRE - ClicnMeca","og_description":"DEVENIR PARTENAIRE VOUS SOUHAITEZ REJOINDRE NOTRE R\u00c9SEAU\u00a0 ? NOUS REJOINDRE NOUS PRENDRONS CONTACT AVEC VOUS DANS LES PLUS BREFS D\u00c9LAIS Veuillez activer JavaScript dans votre navigateur pour remplir ce formulaire.Veuillez activer JavaScript dans votre navigateur pour remplir ce formulaire. Nom * Pr\u00e9nomNom T\u00e9l\u00e9phone *Email *Code Postal * \u00cates-vous dipl\u00f4m\u00e9 en tant que m\u00e9canicien ? * [&hellip;]","og_url":"https:\/\/clicnmeca.fr\/?page_id=1092","og_site_name":"ClicnMeca","article_modified_time":"2025-03-28T22:19:45+00:00","og_image":[{"url":"https:\/\/clicnmeca.fr\/wp-content\/plugins\/wpforms-lite\/assets\/images\/submit-spin.svg","type":"","width":"","height":""}],"twitter_card":"summary_large_image","schema":{"@context":"https:\/\/schema.org","@graph":[{"@type":"WebPage","@id":"https:\/\/clicnmeca.fr\/?page_id=1092","url":"https:\/\/clicnmeca.fr\/?page_id=1092","name":"DEVENIR PARTENAIRE - ClicnMeca","isPartOf":{"@id":"https:\/\/clicnmeca.fr\/#website"},"primaryImageOfPage":{"@id":"https:\/\/clicnmeca.fr\/?page_id=1092#primaryimage"},"image":{"@id":"https:\/\/clicnmeca.fr\/?page_id=1092#primaryimage"},"thumbnailUrl":"https:\/\/clicnmeca.fr\/wp-content\/plugins\/wpforms-lite\/assets\/images\/submit-spin.svg","datePublished":"2025-03-27T16:22:13+00:00","dateModified":"2025-03-28T22:19:45+00:00","breadcrumb":{"@id":"https:\/\/clicnmeca.fr\/?page_id=1092#breadcrumb"},"inLanguage":"en-US","potentialAction":[{"@type":"ReadAction","target":["https:\/\/clicnmeca.fr\/?page_id=1092"]}]},{"@type":"ImageObject","inLanguage":"en-US","@id":"https:\/\/clicnmeca.fr\/?page_id=1092#primaryimage","url":"https:\/\/clicnmeca.fr\/wp-content\/plugins\/wpforms-lite\/assets\/images\/submit-spin.svg","contentUrl":"https:\/\/clicnmeca.fr\/wp-content\/plugins\/wpforms-lite\/assets\/images\/submit-spin.svg"},{"@type":"BreadcrumbList","@id":"https:\/\/clicnmeca.fr\/?page_id=1092#breadcrumb","itemListElement":[{"@type":"ListItem","position":1,"name":"Accueil","item":"https:\/\/clicnmeca.fr\/"},{"@type":"ListItem","position":2,"name":"DEVENIR PARTENAIRE"}]},{"@type":"WebSite","@id":"https:\/\/clicnmeca.fr\/#website","url":"https:\/\/clicnmeca.fr\/","name":"ClicnMeca","description":"Ne vous d\u00e9placez plus, nous venons \u00e0 vous !","publisher":{"@id":"https:\/\/clicnmeca.fr\/#organization"},"potentialAction":[{"@type":"SearchAction","target":{"@type":"EntryPoint","urlTemplate":"https:\/\/clicnmeca.fr\/?s={search_term_string}"},"query-input":{"@type":"PropertyValueSpecification","valueRequired":true,"valueName":"search_term_string"}}],"inLanguage":"en-US"},{"@type":"Organization","@id":"https:\/\/clicnmeca.fr\/#organization","name":"ClicnMeca","url":"https:\/\/clicnmeca.fr\/","logo":{"@type":"ImageObject","inLanguage":"en-US","@id":"https:\/\/clicnmeca.fr\/#\/schema\/logo\/image\/","url":"https:\/\/clicnmeca.fr\/wp-content\/uploads\/2025\/03\/clicnmeca11111-1.png","contentUrl":"https:\/\/clicnmeca.fr\/wp-content\/uploads\/2025\/03\/clicnmeca11111-1.png","width":1310,"height":246,"caption":"ClicnMeca"},"image":{"@id":"https:\/\/clicnmeca.fr\/#\/schema\/logo\/image\/"}}]}},"_links":{"self":[{"href":"https:\/\/clicnmeca.fr\/index.php?rest_route=\/wp\/v2\/pages\/1092","targetHints":{"allow":["GET"]}}],"collection":[{"href":"https:\/\/clicnmeca.fr\/index.php?rest_route=\/wp\/v2\/pages"}],"about":[{"href":"https:\/\/clicnmeca.fr\/index.php?rest_route=\/wp\/v2\/types\/page"}],"author":[{"embeddable":true,"href":"https:\/\/clicnmeca.fr\/index.php?rest_route=\/wp\/v2\/users\/1"}],"replies":[{"embeddable":true,"href":"https:\/\/clicnmeca.fr\/index.php?rest_route=%2Fwp%2Fv2%2Fcomments&post=1092"}],"version-history":[{"count":17,"href":"https:\/\/clicnmeca.fr\/index.php?rest_route=\/wp\/v2\/pages\/1092\/revisions"}],"predecessor-version":[{"id":1148,"href":"https:\/\/clicnmeca.fr\/index.php?rest_route=\/wp\/v2\/pages\/1092\/revisions\/1148"}],"wp:attachment":[{"href":"https:\/\/clicnmeca.fr\/index.php?rest_route=%2Fwp%2Fv2%2Fmedia&parent=1092"}],"curies":[{"name":"wp","href":"https:\/\/api.w.org\/{rel}","templated":true}]}}